{"id":31,"date":"2020-04-13T11:18:52","date_gmt":"2020-04-13T11:18:52","guid":{"rendered":"https:\/\/alasorientales.com\/about\/"},"modified":"2025-11-24T22:18:34","modified_gmt":"2025-11-24T21:18:34","slug":"about","status":"publish","type":"page","link":"https:\/\/alasorientales.com\/en\/about\/","title":{"rendered":"About"},"content":{"rendered":"<div data-elementor-type=\"wp-page\" data-elementor-id=\"31\" class=\"elementor elementor-31\" data-elementor-post-type=\"page\">\n\t\t\t\t\t\t<section class=\"elementor-section elementor-top-section elementor-element elementor-element-5131a13e elementor-section-boxed elementor-section-height-default elementor-section-height-default\" data-id=\"5131a13e\" data-element_type=\"section\" data-settings=\"{&quot;background_background&quot;:&quot;classic&quot;}\">\n\t\t\t\t\t\t\t<div class=\"elementor-background-overlay\"><\/div>\n\t\t\t\t\t\t\t<div class=\"elementor-container elementor-column-gap-default\">\n\t\t\t\t\t<div class=\"elementor-column elementor-col-100 elementor-top-column elementor-element elementor-element-1053ca7a\" data-id=\"1053ca7a\" data-element_type=\"column\">\n\t\t\t<div class=\"elementor-widget-wrap elementor-element-populated\">\n\t\t\t\t\t\t<div class=\"elementor-element elementor-element-3d99e122 elementor-widget elementor-widget-heading\" data-id=\"3d99e122\" data-element_type=\"widget\" data-widget_type=\"heading.default\">\n\t\t\t\t<div class=\"elementor-widget-container\">\n\t\t\t\t\t<h1 class=\"elementor-heading-title elementor-size-default\">About us?<\/h1>\t\t\t\t<\/div>\n\t\t\t\t<\/div>\n\t\t\t\t\t<\/div>\n\t\t<\/div>\n\t\t\t\t\t<\/div>\n\t\t<\/section>\n\t\t\t\t<section class=\"elementor-section elementor-top-section elementor-element elementor-element-40177ae0 elementor-section-boxed elementor-section-height-default elementor-section-height-default\" data-id=\"40177ae0\" data-element_type=\"section\" data-settings=\"{&quot;background_background&quot;:&quot;gradient&quot;}\">\n\t\t\t\t\t\t<div class=\"elementor-container elementor-column-gap-no\">\n\t\t\t\t\t<div class=\"elementor-column elementor-col-50 elementor-top-column elementor-element elementor-element-2828f573\" data-id=\"2828f573\" data-element_type=\"column\">\n\t\t\t<div class=\"elementor-widget-wrap elementor-element-populated\">\n\t\t\t\t\t\t<div class=\"elementor-element elementor-element-7b98a55 elementor-widget elementor-widget-image\" data-id=\"7b98a55\" data-element_type=\"widget\" data-widget_type=\"image.default\">\n\t\t\t\t<div class=\"elementor-widget-container\">\n\t\t\t\t\t\t\t\t\t\t\t\t\t\t\t<img fetchpriority=\"high\" decoding=\"async\" width=\"768\" height=\"1233\" src=\"http:\/\/alasorientales.com\/wp-content\/uploads\/2023\/08\/DSC_0247-768x1233.jpg\" class=\"attachment-medium_large size-medium_large wp-image-1108\" alt=\"\" srcset=\"http:\/\/alasorientales.com\/wp-content\/uploads\/2023\/08\/DSC_0247-768x1233.jpg 768w, http:\/\/alasorientales.com\/wp-content\/uploads\/2023\/08\/DSC_0247-187x300.jpg 187w, http:\/\/alasorientales.com\/wp-content\/uploads\/2023\/08\/DSC_0247-638x1024.jpg 638w, http:\/\/alasorientales.com\/wp-content\/uploads\/2023\/08\/DSC_0247-957x1536.jpg 957w, http:\/\/alasorientales.com\/wp-content\/uploads\/2023\/08\/DSC_0247-1276x2048.jpg 1276w, http:\/\/alasorientales.com\/wp-content\/uploads\/2023\/08\/DSC_0247-7x12.jpg 7w, http:\/\/alasorientales.com\/wp-content\/uploads\/2023\/08\/DSC_0247.jpg 1360w\" sizes=\"(max-width: 768px) 100vw, 768px\" \/>\t\t\t\t\t\t\t\t\t\t\t\t\t\t\t<\/div>\n\t\t\t\t<\/div>\n\t\t\t\t\t<\/div>\n\t\t<\/div>\n\t\t\t\t<div class=\"elementor-column elementor-col-50 elementor-top-column elementor-element elementor-element-48096891\" data-id=\"48096891\" data-element_type=\"column\">\n\t\t\t<div class=\"elementor-widget-wrap elementor-element-populated\">\n\t\t\t\t\t\t<div class=\"elementor-element elementor-element-44ce5982 elementor-widget elementor-widget-text-editor\" data-id=\"44ce5982\" data-element_type=\"widget\" data-widget_type=\"text-editor.default\">\n\t\t\t\t<div class=\"elementor-widget-container\">\n\t\t\t\t\t\t\t\t\t<p>The ALAS ORIENTALES Aviation School was founded on May 4, 2007 in the city of Santa Cruz de la Sierra Bolivia, by Mr. Cnl. DAEN. Juan Carlos Reyes Galindo (in the photo), prominent aviator officer of the Bolivian Air Force.<\/p>\t\t\t\t\t\t\t\t<\/div>\n\t\t\t\t<\/div>\n\t\t\t\t<div class=\"elementor-element elementor-element-e56ab06 elementor-widget elementor-widget-text-editor\" data-id=\"e56ab06\" data-element_type=\"widget\" data-widget_type=\"text-editor.default\">\n\t\t\t\t<div class=\"elementor-widget-container\">\n\t\t\t\t\t\t\t\t\t<p>Our institution has three Cessna aircraft with the capacity to comply with all the phases of instruction required by the aeronautical authority, a room with modern simulators of the latest generation, and a modern English laboratory to evaluate and certify aeronautical personnel.<\/p>\t\t\t\t\t\t\t\t<\/div>\n\t\t\t\t<\/div>\n\t\t\t\t<div class=\"elementor-element elementor-element-41a203d elementor-widget elementor-widget-text-editor\" data-id=\"41a203d\" data-element_type=\"widget\" data-widget_type=\"text-editor.default\">\n\t\t\t\t<div class=\"elementor-widget-container\">\n\t\t\t\t\t\t\t\t\t<p>Thus, from its inception, Alas Orientales became a LEADER school nationally and internationally recognized.<\/p>\t\t\t\t\t\t\t\t<\/div>\n\t\t\t\t<\/div>\n\t\t\t\t<div class=\"elementor-element elementor-element-4ec76f84 elementor-widget elementor-widget-heading\" data-id=\"4ec76f84\" data-element_type=\"widget\" data-widget_type=\"heading.default\">\n\t\t\t\t<div class=\"elementor-widget-container\">\n\t\t\t\t\t<h3 class=\"elementor-heading-title elementor-size-medium\">CNL. DAEN. Juan Carlos Reyes Galindo<\/h3>\t\t\t\t<\/div>\n\t\t\t\t<\/div>\n\t\t\t\t\t<\/div>\n\t\t<\/div>\n\t\t\t\t\t<\/div>\n\t\t<\/section>\n\t\t\t\t<section class=\"elementor-section elementor-top-section elementor-element elementor-element-d78d3f6 elementor-section-boxed elementor-section-height-default elementor-section-height-default\" data-id=\"d78d3f6\" data-element_type=\"section\" data-settings=\"{&quot;background_background&quot;:&quot;classic&quot;}\">\n\t\t\t\t\t\t<div class=\"elementor-container elementor-column-gap-default\">\n\t\t\t\t\t<div class=\"elementor-column elementor-col-50 elementor-top-column elementor-element elementor-element-d101e91\" data-id=\"d101e91\" data-element_type=\"column\">\n\t\t\t<div class=\"elementor-widget-wrap elementor-element-populated\">\n\t\t\t\t\t\t<div class=\"elementor-element elementor-element-d84d5c3 elementor-widget elementor-widget-text-editor\" data-id=\"d84d5c3\" data-element_type=\"widget\" data-widget_type=\"text-editor.default\">\n\t\t\t\t<div class=\"elementor-widget-container\">\n\t\t\t\t\t\t\t\t\t<p>\u00a0<\/p><h1><strong>AERONAVES<\/strong><\/h1><h1><b>DISPONIBLES<\/b><\/h1><p>Alas Orientales cuenta con tres aeronaves C-152, en excelente estado de funcionamiento, con ladisponibilidad para completar tu entrenamiento en tiempo record, equipadas correctamente para el vuelo visual e instrumental, estas aeronaves te acompa\u00f1aran en tus 190 horas de vuelo.<\/p>\t\t\t\t\t\t\t\t<\/div>\n\t\t\t\t<\/div>\n\t\t\t\t\t<\/div>\n\t\t<\/div>\n\t\t\t\t<div class=\"elementor-column elementor-col-50 elementor-top-column elementor-element elementor-element-7c661ba\" data-id=\"7c661ba\" data-element_type=\"column\">\n\t\t\t<div class=\"elementor-widget-wrap elementor-element-populated\">\n\t\t\t\t\t\t<div class=\"elementor-element elementor-element-ead770a elementor-widget elementor-widget-image\" data-id=\"ead770a\" data-element_type=\"widget\" data-widget_type=\"image.default\">\n\t\t\t\t<div class=\"elementor-widget-container\">\n\t\t\t\t\t\t\t\t\t\t\t\t\t\t\t<img decoding=\"async\" width=\"1024\" height=\"1024\" src=\"http:\/\/alasorientales.com\/wp-content\/uploads\/2023\/08\/WhatsApp-Image-2020-01-31-at-13.59.09-1024x1024.jpeg\" class=\"attachment-large size-large wp-image-934\" alt=\"\" srcset=\"http:\/\/alasorientales.com\/wp-content\/uploads\/2023\/08\/WhatsApp-Image-2020-01-31-at-13.59.09-1024x1024.jpeg 1024w, http:\/\/alasorientales.com\/wp-content\/uploads\/2023\/08\/WhatsApp-Image-2020-01-31-at-13.59.09-300x300.jpeg 300w, http:\/\/alasorientales.com\/wp-content\/uploads\/2023\/08\/WhatsApp-Image-2020-01-31-at-13.59.09-150x150.jpeg 150w, http:\/\/alasorientales.com\/wp-content\/uploads\/2023\/08\/WhatsApp-Image-2020-01-31-at-13.59.09-768x768.jpeg 768w, http:\/\/alasorientales.com\/wp-content\/uploads\/2023\/08\/WhatsApp-Image-2020-01-31-at-13.59.09-12x12.jpeg 12w, http:\/\/alasorientales.com\/wp-content\/uploads\/2023\/08\/WhatsApp-Image-2020-01-31-at-13.59.09.jpeg 1200w\" sizes=\"(max-width: 1024px) 100vw, 1024px\" \/>\t\t\t\t\t\t\t\t\t\t\t\t\t\t\t<\/div>\n\t\t\t\t<\/div>\n\t\t\t\t\t<\/div>\n\t\t<\/div>\n\t\t\t\t\t<\/div>\n\t\t<\/section>\n\t\t\t\t<section class=\"elementor-section elementor-top-section elementor-element elementor-element-b5dac71 elementor-section-boxed elementor-section-height-default elementor-section-height-default\" data-id=\"b5dac71\" data-element_type=\"section\" data-settings=\"{&quot;background_background&quot;:&quot;classic&quot;}\">\n\t\t\t\t\t\t<div class=\"elementor-container elementor-column-gap-default\">\n\t\t\t\t\t<div class=\"elementor-column elementor-col-50 elementor-top-column elementor-element elementor-element-3f7a7cf\" data-id=\"3f7a7cf\" data-element_type=\"column\">\n\t\t\t<div class=\"elementor-widget-wrap elementor-element-populated\">\n\t\t\t\t\t\t<div class=\"elementor-element elementor-element-7fe1bcb elementor-widget elementor-widget-text-editor\" data-id=\"7fe1bcb\" data-element_type=\"widget\" data-widget_type=\"text-editor.default\">\n\t\t\t\t<div class=\"elementor-widget-container\">\n\t\t\t\t\t\t\t\t\t<h1>\u00a0<\/h1><h1>\u00a0<\/h1><h1><strong>MODERNOS<\/strong><\/h1><h1><strong>SIMULADORES <\/strong><\/h1><p>Alas Orientales posee tres modernos simuladores, como el C-210, B-58 y B-350. Estos dispositivos te sumergir\u00e1n en la experiencia mas cercana al vuelo.<u><\/u><\/p>\t\t\t\t\t\t\t\t<\/div>\n\t\t\t\t<\/div>\n\t\t\t\t\t<\/div>\n\t\t<\/div>\n\t\t\t\t<div class=\"elementor-column elementor-col-50 elementor-top-column elementor-element elementor-element-c4db96f\" data-id=\"c4db96f\" data-element_type=\"column\">\n\t\t\t<div class=\"elementor-widget-wrap elementor-element-populated\">\n\t\t\t\t\t\t<div class=\"elementor-element elementor-element-3f5a798 elementor-widget elementor-widget-image\" data-id=\"3f5a798\" data-element_type=\"widget\" data-widget_type=\"image.default\">\n\t\t\t\t<div class=\"elementor-widget-container\">\n\t\t\t\t\t\t\t\t\t\t\t\t\t\t\t<img decoding=\"async\" width=\"768\" height=\"614\" src=\"http:\/\/alasorientales.com\/wp-content\/uploads\/2023\/08\/Diseno-sin-titulo-768x614.png\" class=\"attachment-medium_large size-medium_large wp-image-1110\" alt=\"\" srcset=\"http:\/\/alasorientales.com\/wp-content\/uploads\/2023\/08\/Diseno-sin-titulo-768x614.png 768w, http:\/\/alasorientales.com\/wp-content\/uploads\/2023\/08\/Diseno-sin-titulo-300x240.png 300w, http:\/\/alasorientales.com\/wp-content\/uploads\/2023\/08\/Diseno-sin-titulo-1024x819.png 1024w, http:\/\/alasorientales.com\/wp-content\/uploads\/2023\/08\/Diseno-sin-titulo-1536x1229.png 1536w, http:\/\/alasorientales.com\/wp-content\/uploads\/2023\/08\/Diseno-sin-titulo-15x12.png 15w, http:\/\/alasorientales.com\/wp-content\/uploads\/2023\/08\/Diseno-sin-titulo.png 2000w\" sizes=\"(max-width: 768px) 100vw, 768px\" \/>\t\t\t\t\t\t\t\t\t\t\t\t\t\t\t<\/div>\n\t\t\t\t<\/div>\n\t\t\t\t\t<\/div>\n\t\t<\/div>\n\t\t\t\t\t<\/div>\n\t\t<\/section>\n\t\t\t\t<section class=\"elementor-section elementor-top-section elementor-element elementor-element-03ff74f elementor-section-boxed elementor-section-height-default elementor-section-height-default\" data-id=\"03ff74f\" data-element_type=\"section\" data-settings=\"{&quot;background_background&quot;:&quot;classic&quot;}\">\n\t\t\t\t\t\t<div class=\"elementor-container elementor-column-gap-default\">\n\t\t\t\t\t<div class=\"elementor-column elementor-col-50 elementor-top-column elementor-element elementor-element-6704534\" data-id=\"6704534\" data-element_type=\"column\">\n\t\t\t<div class=\"elementor-widget-wrap elementor-element-populated\">\n\t\t\t\t\t\t<div class=\"elementor-element elementor-element-1ecb35c elementor-widget elementor-widget-text-editor\" data-id=\"1ecb35c\" data-element_type=\"widget\" data-widget_type=\"text-editor.default\">\n\t\t\t\t<div class=\"elementor-widget-container\">\n\t\t\t\t\t\t\t\t\t<h1>\u00a0<\/h1><p>\u00a0<\/p><h1><b>INSTRUCTORES<\/b><\/h1><h1><b>EXPERIMENTADOS<\/b><\/h1><p>Alas Orientales se enorgullece en contar con un experimentado personal operativo, que desempe\u00f1an la instrucci\u00f3n y operaciones a\u00e9reas de la academia con seguridad y profesionalismo, esto en base a la experiencia que nuestro personal tiene en la aviaci\u00f3n militar, civil y comercial.<u><\/u><\/p>\t\t\t\t\t\t\t\t<\/div>\n\t\t\t\t<\/div>\n\t\t\t\t\t<\/div>\n\t\t<\/div>\n\t\t\t\t<div class=\"elementor-column elementor-col-50 elementor-top-column elementor-element elementor-element-2c6d976\" data-id=\"2c6d976\" data-element_type=\"column\">\n\t\t\t<div class=\"elementor-widget-wrap elementor-element-populated\">\n\t\t\t\t\t\t<div class=\"elementor-element elementor-element-7f7f1eb elementor-widget elementor-widget-image\" data-id=\"7f7f1eb\" data-element_type=\"widget\" data-widget_type=\"image.default\">\n\t\t\t\t<div class=\"elementor-widget-container\">\n\t\t\t\t\t\t\t\t\t\t\t\t\t\t\t<img loading=\"lazy\" decoding=\"async\" width=\"1024\" height=\"1024\" src=\"http:\/\/alasorientales.com\/wp-content\/uploads\/2023\/08\/WhatsApp-Image-2020-01-25-at-15.14.43-1024x1024.jpeg\" class=\"attachment-large size-large wp-image-948\" alt=\"\" srcset=\"http:\/\/alasorientales.com\/wp-content\/uploads\/2023\/08\/WhatsApp-Image-2020-01-25-at-15.14.43-1024x1024.jpeg 1024w, http:\/\/alasorientales.com\/wp-content\/uploads\/2023\/08\/WhatsApp-Image-2020-01-25-at-15.14.43-300x300.jpeg 300w, http:\/\/alasorientales.com\/wp-content\/uploads\/2023\/08\/WhatsApp-Image-2020-01-25-at-15.14.43-150x150.jpeg 150w, http:\/\/alasorientales.com\/wp-content\/uploads\/2023\/08\/WhatsApp-Image-2020-01-25-at-15.14.43-768x768.jpeg 768w, http:\/\/alasorientales.com\/wp-content\/uploads\/2023\/08\/WhatsApp-Image-2020-01-25-at-15.14.43-12x12.jpeg 12w, http:\/\/alasorientales.com\/wp-content\/uploads\/2023\/08\/WhatsApp-Image-2020-01-25-at-15.14.43.jpeg 1280w\" sizes=\"(max-width: 1024px) 100vw, 1024px\" \/>\t\t\t\t\t\t\t\t\t\t\t\t\t\t\t<\/div>\n\t\t\t\t<\/div>\n\t\t\t\t\t<\/div>\n\t\t<\/div>\n\t\t\t\t\t<\/div>\n\t\t<\/section>\n\t\t\t\t<section class=\"elementor-section elementor-top-section elementor-element elementor-element-6dede2b elementor-section-boxed elementor-section-height-default elementor-section-height-default\" data-id=\"6dede2b\" data-element_type=\"section\" data-settings=\"{&quot;background_background&quot;:&quot;classic&quot;}\">\n\t\t\t\t\t\t<div class=\"elementor-container elementor-column-gap-default\">\n\t\t\t\t\t<div class=\"elementor-column elementor-col-100 elementor-top-column elementor-element elementor-element-ed0279a\" data-id=\"ed0279a\" data-element_type=\"column\">\n\t\t\t<div class=\"elementor-widget-wrap elementor-element-populated\">\n\t\t\t\t\t\t<div class=\"elementor-element elementor-element-53343d3 elementor-widget elementor-widget-heading\" data-id=\"53343d3\" data-element_type=\"widget\" data-widget_type=\"heading.default\">\n\t\t\t\t<div class=\"elementor-widget-container\">\n\t\t\t\t\t<h2 class=\"elementor-heading-title elementor-size-default\">Haz de tu pasi\u00f3n tu profesi\u00f3n<\/h2>\t\t\t\t<\/div>\n\t\t\t\t<\/div>\n\t\t\t\t\t<\/div>\n\t\t<\/div>\n\t\t\t\t\t<\/div>\n\t\t<\/section>\n\t\t\t\t<section class=\"elementor-section elementor-top-section elementor-element elementor-element-6aaeefd elementor-section-boxed elementor-section-height-default elementor-section-height-default\" data-id=\"6aaeefd\" data-element_type=\"section\" data-settings=\"{&quot;background_background&quot;:&quot;classic&quot;}\">\n\t\t\t\t\t\t<div class=\"elementor-container elementor-column-gap-default\">\n\t\t\t\t\t<div class=\"elementor-column elementor-col-100 elementor-top-column elementor-element elementor-element-5dce7c2\" data-id=\"5dce7c2\" data-element_type=\"column\">\n\t\t\t<div class=\"elementor-widget-wrap elementor-element-populated\">\n\t\t\t\t\t\t<div class=\"elementor-element elementor-element-8d17b2b elementor-widget elementor-widget-testimonial\" data-id=\"8d17b2b\" data-element_type=\"widget\" data-widget_type=\"testimonial.default\">\n\t\t\t\t<div class=\"elementor-widget-container\">\n\t\t\t\t\t\t\t<div class=\"elementor-testimonial-wrapper\">\n\t\t\t\t\t\t\t<div class=\"elementor-testimonial-content\">\nEn Alas Orientales nos interesa la comunicaci\u00f3n efectiva, por eso te dejamos estos contactos.<br>\n\n+591 71652052 \/ 78011111<\/div>\n\t\t\t\n\t\t\t\t\t<\/div>\n\t\t\t\t\t\t<\/div>\n\t\t\t\t<\/div>\n\t\t\t\t\t<\/div>\n\t\t<\/div>\n\t\t\t\t\t<\/div>\n\t\t<\/section>\n\t\t\t\t<\/div>","protected":false},"excerpt":{"rendered":"<p>\u00bfQuienes Somos? La Escuela de Aviaci\u00f3n ALAS ORIENTALES fue fundada el 4 de mayo del 2007 en la ciudad de Santa Cruz de la Sierra Bolivia, por el se\u00f1or Cnl. DAEN. Juan Carlos Reyes Galindo (en la imagen), destacado o\ufb01cial aviador de la Fuerza A\u00e9rea Boliviana. Nuestra instituci\u00f3n cuenta con tres aeronaves Cessna con la [&hellip;]<\/p>","protected":false},"author":1,"featured_media":0,"parent":0,"menu_order":0,"comment_status":"closed","ping_status":"closed","template":"","meta":{"_uag_custom_page_level_css":"","site-sidebar-layout":"no-sidebar","site-content-layout":"page-builder","ast-site-content-layout":"","site-content-style":"default","site-sidebar-style":"default","ast-global-header-display":"","ast-banner-title-visibility":"","ast-main-header-display":"","ast-hfb-above-header-display":"","ast-hfb-below-header-display":"","ast-hfb-mobile-header-display":"","site-post-title":"disabled","ast-breadcrumbs-content":"","ast-featured-img":"","footer-sml-layout":"","theme-transparent-header-meta":"enabled","adv-header-id-meta":"","stick-header-meta":"","header-above-stick-meta":"","header-main-stick-meta":"","header-below-stick-meta":"","astra-migrate-meta-layouts":"default","ast-page-background-enabled":"default","ast-page-background-meta":{"desktop":{"background-color":"","background-image":"","background-repeat":"repeat","background-position":"center center","background-size":"auto","background-attachment":"scroll","background-type":"","background-media":"","overlay-type":"","overlay-color":"","overlay-opacity":"","overlay-gradient":""},"tablet":{"background-color":"","background-image":"","background-repeat":"repeat","background-position":"center center","background-size":"auto","background-attachment":"scroll","background-type":"","background-media":"","overlay-type":"","overlay-color":"","overlay-opacity":"","overlay-gradient":""},"mobile":{"background-color":"","background-image":"","background-repeat":"repeat","background-position":"center center","background-size":"auto","background-attachment":"scroll","background-type":"","background-media":"","overlay-type":"","overlay-color":"","overlay-opacity":"","overlay-gradient":""}},"ast-content-background-meta":{"desktop":{"background-color":"var(--ast-global-color-5)","background-image":"","background-repeat":"repeat","background-position":"center center","background-size":"auto","background-attachment":"scroll","background-type":"","background-media":"","overlay-type":"","overlay-color":"","overlay-opacity":"","overlay-gradient":""},"tablet":{"background-color":"var(--ast-global-color-5)","background-image":"","background-repeat":"repeat","background-position":"center center","background-size":"auto","background-attachment":"scroll","background-type":"","background-media":"","overlay-type":"","overlay-color":"","overlay-opacity":"","overlay-gradient":""},"mobile":{"background-color":"var(--ast-global-color-5)","background-image":"","background-repeat":"repeat","background-position":"center center","background-size":"auto","background-attachment":"scroll","background-type":"","background-media":"","overlay-type":"","overlay-color":"","overlay-opacity":"","overlay-gradient":""}},"_joinchat":[],"footnotes":""},"class_list":["post-31","page","type-page","status-publish","hentry"],"uagb_featured_image_src":{"full":false,"thumbnail":false,"medium":false,"medium_large":false,"large":false,"1536x1536":false,"2048x2048":false,"trp-custom-language-flag":false},"uagb_author_info":{"display_name":"userAlas","author_link":"https:\/\/alasorientales.com\/en\/author\/useralas\/"},"uagb_comment_info":0,"uagb_excerpt":"\u00bfQuienes Somos? La Escuela de Aviaci\u00f3n ALAS ORIENTALES fue fundada el 4 de mayo del 2007 en la ciudad de Santa Cruz de la Sierra Bolivia, por el se\u00f1or Cnl. DAEN. Juan Carlos Reyes Galindo (en la imagen), destacado o\ufb01cial aviador de la Fuerza A\u00e9rea Boliviana. Nuestra instituci\u00f3n cuenta con tres aeronaves Cessna con la&hellip;","_links":{"self":[{"href":"https:\/\/alasorientales.com\/en\/wp-json\/wp\/v2\/pages\/31","targetHints":{"allow":["GET"]}}],"collection":[{"href":"https:\/\/alasorientales.com\/en\/wp-json\/wp\/v2\/pages"}],"about":[{"href":"https:\/\/alasorientales.com\/en\/wp-json\/wp\/v2\/types\/page"}],"author":[{"embeddable":true,"href":"https:\/\/alasorientales.com\/en\/wp-json\/wp\/v2\/users\/1"}],"replies":[{"embeddable":true,"href":"https:\/\/alasorientales.com\/en\/wp-json\/wp\/v2\/comments?post=31"}],"version-history":[{"count":64,"href":"https:\/\/alasorientales.com\/en\/wp-json\/wp\/v2\/pages\/31\/revisions"}],"predecessor-version":[{"id":1183,"href":"https:\/\/alasorientales.com\/en\/wp-json\/wp\/v2\/pages\/31\/revisions\/1183"}],"wp:attachment":[{"href":"https:\/\/alasorientales.com\/en\/wp-json\/wp\/v2\/media?parent=31"}],"curies":[{"name":"wp","href":"https:\/\/api.w.org\/{rel}","templated":true}]}}