{"id":739,"date":"2023-08-13T23:29:09","date_gmt":"2023-08-13T21:29:09","guid":{"rendered":"https:\/\/alasorientales.com\/?page_id=739"},"modified":"2025-11-24T22:18:36","modified_gmt":"2025-11-24T21:18:36","slug":"politicas","status":"publish","type":"page","link":"https:\/\/alasorientales.com\/en\/politicas\/","title":{"rendered":"Pol\u00edticas"},"content":{"rendered":"<div data-elementor-type=\"wp-page\" data-elementor-id=\"739\" class=\"elementor elementor-739\" data-elementor-post-type=\"page\">\n\t\t\t\t\t\t<section class=\"elementor-section elementor-top-section elementor-element elementor-element-41f7f0a elementor-section-boxed elementor-section-height-default elementor-section-height-default\" data-id=\"41f7f0a\" data-element_type=\"section\">\n\t\t\t\t\t\t<div class=\"elementor-container elementor-column-gap-default\">\n\t\t\t\t\t<div class=\"elementor-column elementor-col-100 elementor-top-column elementor-element elementor-element-c7bb70f\" data-id=\"c7bb70f\" data-element_type=\"column\">\n\t\t\t<div class=\"elementor-widget-wrap elementor-element-populated\">\n\t\t\t\t\t\t<div class=\"elementor-element elementor-element-83ce9ea elementor-widget elementor-widget-heading\" data-id=\"83ce9ea\" data-element_type=\"widget\" data-widget_type=\"heading.default\">\n\t\t\t\t<div class=\"elementor-widget-container\">\n\t\t\t\t\t<h2 class=\"elementor-heading-title elementor-size-default\">Politicas<\/h2>\t\t\t\t<\/div>\n\t\t\t\t<\/div>\n\t\t\t\t\t<\/div>\n\t\t<\/div>\n\t\t\t\t\t<\/div>\n\t\t<\/section>\n\t\t\t\t<section class=\"elementor-section elementor-top-section elementor-element elementor-element-3e28aab elementor-section-boxed elementor-section-height-default elementor-section-height-default\" data-id=\"3e28aab\" data-element_type=\"section\">\n\t\t\t\t\t\t<div class=\"elementor-container elementor-column-gap-default\">\n\t\t\t\t\t<div class=\"elementor-column elementor-col-100 elementor-top-column elementor-element elementor-element-e8c3206\" data-id=\"e8c3206\" data-element_type=\"column\">\n\t\t\t<div class=\"elementor-widget-wrap elementor-element-populated\">\n\t\t\t\t\t\t<div class=\"elementor-element elementor-element-2ea5536 elementor-widget elementor-widget-text-editor\" data-id=\"2ea5536\" data-element_type=\"widget\" data-widget_type=\"text-editor.default\">\n\t\t\t\t<div class=\"elementor-widget-container\">\n\t\t\t\t\t\t\t\t\t<p>Pol\u00edtica de Calidad<br \/>El CIAC \u201cEscuela de aviaci\u00f3n ALAS ORIENTALES es un centro de instrucci\u00f3n de aviaci\u00f3n civil dedicada al entrenamiento y formaci\u00f3n de profesionales como pilotos comerciales con habilitaci\u00f3n IFR y FOI.<br \/>Nuestra pol\u00edtica de calidad se basa en la formaci\u00f3n T\u00e9cnica para el Trabajo y Desarrollo Humano que cumpla con los est\u00e1ndares de calidad y los lineamientos legales vigentes, mejorando continuamente nuestros procesos educativos y administrativos, por la demanda del aprendizaje permanente y constructivo, para formar profesionales competentes, innovadores, emprendedores y \u00e9ticos; como centro de Instrucci\u00f3n Civil l\u00edder en el medio, trabajando con integridad, profesionalismo para cumplir las normativas emitidas por la Direcci\u00f3n General Aeron\u00e1utica Civil.<br \/>Asegurando una asignaci\u00f3n de recursos econ\u00f3micos para el fortalecimiento de la infraestructura, la utilizaci\u00f3n del mantenimiento preventivo como medio de garant\u00eda y mejora de los equipos, instalaciones que son la base del desarrollo de un sistema de aseguramiento de la calidad interno.<\/p><p>\u00a0<\/p><p>Pol\u00edtica sobre Seguridad Operacional<br \/>La Seguridad Operacional es la prioridad n\u00famero uno en todas las actividades de \u201cESCUELA DE AVIACI\u00d3N ALAS ORIENTALES\u201d , con el compromiso impl\u00edcito de la Alta Gerencia de aplicar y mejorar continuamente las estrategias, los procesos, el reporte no punitivo y los dem\u00e1s sistemas de gesti\u00f3n para conservar el nivel m\u00e1s alto de eficacia en la seguridad operacional en todas nuestras actividades de aviaci\u00f3n y de acuerdo a la envergadura y complejidad de nuestra operaci\u00f3n, que se ajustan a los est\u00e1ndares nacionales e internacionales.<br \/>Nuestro compromiso es:<br \/>i. Mejorar la cultura y crear conciencia de Seguridad Operacional en donde se reconozca la importancia y el valor del gerenciamiento de la Seguridad Operacional, promoviendo una cultura de reportes obligatorios, an\u00f3nimos y voluntarios.<br \/>ii. Asegurar que los servicios y productos que son suministrados por otros clientes o proveedores cumplan o mejoren los est\u00e1ndares de Seguridad Operacional establecidos por \u201cESCUELA DE AVIACI\u00d3N ALAS ORIENTALES\u201d.<br \/>iii. Fortalecer y mejorar los est\u00e1ndares y requisitos legales que regulan el Sistema de Seguridad Operacional.<br \/>iv. Definir de manera clara para todo el personal su l\u00ednea de rendici\u00f3n de cuentas, deberes y responsabilidades para alcanzar la mayor eficacia de la Seguridad Operacional en \u201cESCUELA DE AVIACI\u00d3N ALAS ORIENTALES\u201d .<br \/>v. Asegurar que se dispone con el recurso humano competente en Seguridad Operacional.<br \/>vi. Garantizar que todos los empleados de \u201cESCUELA DE AVIACI\u00d3N ALAS ORIENTALES\u201d. tienen la instrucci\u00f3n adecuada y apropiada sobre Seguridad Operacional y son competentes de acuerdo a su nivel de responsabilidad.<br \/>vii. Garantizar la asignaci\u00f3n de recursos para su puesta en pr\u00e1ctica, mantener y mejorar el Sistema de Seguridad Operacional.<br \/>viii. Medir los logros en Seguridad Operacional para determinar el cumplimiento de los objetivos y metas del sistema a trav\u00e9s de indicadores de gesti\u00f3n, incluyendo un sistema de notificaci\u00f3n de peligros con el fin de mitigar los riesgos al punto m\u00e1s bajo como sea razonablemente pr\u00e1ctico (ALARP).<br \/>ix. Garantizar el desarrollo de procedimientos de presentaci\u00f3n de informes en materia de seguridad operacional.<br \/>x. Garantizar la no punibilidad de los reportes, basados en una cultura justa en la que las partes entienden qu\u00e9 tipos de comportamientos son aceptables e inaceptables, sin generar acciones legales o sanciones disciplinarias en contra de la persona que reporte, obligatoria o voluntariamente, cualquier condici\u00f3n de inseguridad en forma impresa (f\u00edsica o email); o a los instructores de vuelo y alumnos pilotos que realicen procedimientos no estandarizados, que se evidencien como resultado del an\u00e1lisis de los reportes e informes. Si se incurre en actos ilegales deliberados, negligencia o violaciones a las normas, a las regulaciones o procedimientos en los que se ponga en peligro la integridad de las personas o aeronave la autoridad competente establecer\u00e1 las acciones a seguir de acuerdo lo establecido por la ley.<br \/>xi. Garantizar la confidencialidad de la informaci\u00f3n obtenida durante el desarrollo de sus procesos.<br \/>xii. Garantizar la mejora continua del sistema<br \/>xiii. La pol\u00edtica ser\u00e1 promovida, comunicada y apoyada ostensiblemente por todo el CIAC \u201cESCUELA DE AVIACI\u00d3N ALAS ORIENTALES\u201d.<br \/>xiv. La pol\u00edtica ser\u00e1 revisada cada final de gesti\u00f3n (12 meses) para asegurar que siga siendo pertinente y apropiada para el CIAC.<\/p><p>Cnl. DAEN. Juan Carlos Reyes Galindo<br \/>GERENTE GENERAL<\/p><p>\u00a0<\/p><p>Pol\u00edtica no punitiva.<br \/>El CIAC \u201cESCUELA DE AVIACI\u00d3N ALAS ORIENTALES\u201d , a trav\u00e9s del Gerente General, garantiza que las personas responsables de tomar medidas disciplinarias tengan la experiencia t\u00e9cnica necesaria para considerar completamente el contexto relacionado con un reporte, con lo que se disminuye la probabilidad de que el personal que reporte este expuestos a procesos \u00abdisciplinarios\/judiciales\u00bb injustos o inadecuados, en este contexto la administraci\u00f3n superior se compromete a no tomar ninguna medida disciplinaria a la persona que genere alg\u00fan reporte relacionado con la seguridad operacional, adem\u00e1s permite y acepta la eliminaci\u00f3n de la identidad en los reportes de seguridad operaci\u00f3n.<\/p><p>Cnl. DAEN. Juan Carlos Reyes Galindo<br \/>GERENTE GENERAL<\/p>\t\t\t\t\t\t\t\t<\/div>\n\t\t\t\t<\/div>\n\t\t\t\t\t<\/div>\n\t\t<\/div>\n\t\t\t\t\t<\/div>\n\t\t<\/section>\n\t\t\t\t<\/div>","protected":false},"excerpt":{"rendered":"<p>Politicas Pol\u00edtica de CalidadEl CIAC \u201cEscuela de aviaci\u00f3n ALAS ORIENTALES es un centro de instrucci\u00f3n de aviaci\u00f3n civil dedicada al entrenamiento y formaci\u00f3n de profesionales como pilotos comerciales con habilitaci\u00f3n IFR y FOI.Nuestra pol\u00edtica de calidad se basa en la formaci\u00f3n T\u00e9cnica para el Trabajo y Desarrollo Humano que cumpla con los est\u00e1ndares de calidad [&hellip;]<\/p>","protected":false},"author":1,"featured_media":0,"parent":0,"menu_order":0,"comment_status":"closed","ping_status":"closed","template":"","meta":{"_uag_custom_page_level_css":"","site-sidebar-layout":"no-sidebar","site-content-layout":"page-builder","ast-site-content-layout":"","site-content-style":"default","site-sidebar-style":"default","ast-global-header-display":"","ast-banner-title-visibility":"","ast-main-header-display":"","ast-hfb-above-header-display":"","ast-hfb-below-header-display":"","ast-hfb-mobile-header-display":"","site-post-title":"disabled","ast-breadcrumbs-content":"","ast-featured-img":"disabled","footer-sml-layout":"","theme-transparent-header-meta":"","adv-header-id-meta":"","stick-header-meta":"","header-above-stick-meta":"","header-main-stick-meta":"","header-below-stick-meta":"","astra-migrate-meta-layouts":"default","ast-page-background-enabled":"default","ast-page-background-meta":{"desktop":{"background-color":"","background-image":"","background-repeat":"repeat","background-position":"center center","background-size":"auto","background-attachment":"scroll","background-type":"","background-media":"","overlay-type":"","overlay-color":"","overlay-opacity":"","overlay-gradient":""},"tablet":{"background-color":"","background-image":"","background-repeat":"repeat","background-position":"center center","background-size":"auto","background-attachment":"scroll","background-type":"","background-media":"","overlay-type":"","overlay-color":"","overlay-opacity":"","overlay-gradient":""},"mobile":{"background-color":"","background-image":"","background-repeat":"repeat","background-position":"center center","background-size":"auto","background-attachment":"scroll","background-type":"","background-media":"","overlay-type":"","overlay-color":"","overlay-opacity":"","overlay-gradient":""}},"ast-content-background-meta":{"desktop":{"background-color":"var(--ast-global-color-5)","background-image":"","background-repeat":"repeat","background-position":"center center","background-size":"auto","background-attachment":"scroll","background-type":"","background-media":"","overlay-type":"","overlay-color":"","overlay-opacity":"","overlay-gradient":""},"tablet":{"background-color":"var(--ast-global-color-5)","background-image":"","background-repeat":"repeat","background-position":"center center","background-size":"auto","background-attachment":"scroll","background-type":"","background-media":"","overlay-type":"","overlay-color":"","overlay-opacity":"","overlay-gradient":""},"mobile":{"background-color":"var(--ast-global-color-5)","background-image":"","background-repeat":"repeat","background-position":"center center","background-size":"auto","background-attachment":"scroll","background-type":"","background-media":"","overlay-type":"","overlay-color":"","overlay-opacity":"","overlay-gradient":""}},"_joinchat":[],"footnotes":""},"class_list":["post-739","page","type-page","status-publish","hentry"],"uagb_featured_image_src":{"full":false,"thumbnail":false,"medium":false,"medium_large":false,"large":false,"1536x1536":false,"2048x2048":false,"trp-custom-language-flag":false},"uagb_author_info":{"display_name":"userAlas","author_link":"https:\/\/alasorientales.com\/en\/author\/useralas\/"},"uagb_comment_info":0,"uagb_excerpt":"Politicas Pol\u00edtica de CalidadEl CIAC \u201cEscuela de aviaci\u00f3n ALAS ORIENTALES es un centro de instrucci\u00f3n de aviaci\u00f3n civil dedicada al entrenamiento y formaci\u00f3n de profesionales como pilotos comerciales con habilitaci\u00f3n IFR y FOI.Nuestra pol\u00edtica de calidad se basa en la formaci\u00f3n T\u00e9cnica para el Trabajo y Desarrollo Humano que cumpla con los est\u00e1ndares de calidad&hellip;","_links":{"self":[{"href":"https:\/\/alasorientales.com\/en\/wp-json\/wp\/v2\/pages\/739","targetHints":{"allow":["GET"]}}],"collection":[{"href":"https:\/\/alasorientales.com\/en\/wp-json\/wp\/v2\/pages"}],"about":[{"href":"https:\/\/alasorientales.com\/en\/wp-json\/wp\/v2\/types\/page"}],"author":[{"embeddable":true,"href":"https:\/\/alasorientales.com\/en\/wp-json\/wp\/v2\/users\/1"}],"replies":[{"embeddable":true,"href":"https:\/\/alasorientales.com\/en\/wp-json\/wp\/v2\/comments?post=739"}],"version-history":[{"count":14,"href":"https:\/\/alasorientales.com\/en\/wp-json\/wp\/v2\/pages\/739\/revisions"}],"predecessor-version":[{"id":1306,"href":"https:\/\/alasorientales.com\/en\/wp-json\/wp\/v2\/pages\/739\/revisions\/1306"}],"wp:attachment":[{"href":"https:\/\/alasorientales.com\/en\/wp-json\/wp\/v2\/media?parent=739"}],"curies":[{"name":"wp","href":"https:\/\/api.w.org\/{rel}","templated":true}]}}