{"id":965,"date":"2023-08-25T20:05:48","date_gmt":"2023-08-25T18:05:48","guid":{"rendered":"https:\/\/alasorientales.com\/?page_id=965"},"modified":"2025-11-24T22:18:35","modified_gmt":"2025-11-24T21:18:35","slug":"centro-de-evaluacion-linguistica","status":"publish","type":"page","link":"https:\/\/alasorientales.com\/en\/centro-de-evaluacion-linguistica\/","title":{"rendered":"centro de evaluaci\u00f3n ling\u00fc\u00edstica"},"content":{"rendered":"<div data-elementor-type=\"wp-page\" data-elementor-id=\"965\" class=\"elementor elementor-965\" data-elementor-post-type=\"page\">\n\t\t\t\t\t\t<section class=\"elementor-section elementor-top-section elementor-element elementor-element-1b0a5d33 elementor-section-boxed elementor-section-height-default elementor-section-height-default\" data-id=\"1b0a5d33\" data-element_type=\"section\" data-settings=\"{&quot;background_background&quot;:&quot;classic&quot;}\">\n\t\t\t\t\t\t\t<div class=\"elementor-background-overlay\"><\/div>\n\t\t\t\t\t\t\t<div class=\"elementor-container elementor-column-gap-default\">\n\t\t\t\t\t<div class=\"elementor-column elementor-col-100 elementor-top-column elementor-element elementor-element-1f841ba\" data-id=\"1f841ba\" data-element_type=\"column\">\n\t\t\t<div class=\"elementor-widget-wrap elementor-element-populated\">\n\t\t\t\t\t\t<div class=\"elementor-element elementor-element-365ba0bd elementor-widget elementor-widget-heading\" data-id=\"365ba0bd\" data-element_type=\"widget\" data-widget_type=\"heading.default\">\n\t\t\t\t<div class=\"elementor-widget-container\">\n\t\t\t\t\t<h1 class=\"elementor-heading-title elementor-size-default\">Centro de Evaluaci\u00f3n ling\u00fc\u00edstica<\/h1>\t\t\t\t<\/div>\n\t\t\t\t<\/div>\n\t\t\t\t\t<\/div>\n\t\t<\/div>\n\t\t\t\t\t<\/div>\n\t\t<\/section>\n\t\t\t\t<section class=\"elementor-section elementor-top-section elementor-element elementor-element-1766fda elementor-section-boxed elementor-section-height-default elementor-section-height-default\" data-id=\"1766fda\" data-element_type=\"section\" data-settings=\"{&quot;background_background&quot;:&quot;classic&quot;}\">\n\t\t\t\t\t\t<div class=\"elementor-container elementor-column-gap-default\">\n\t\t\t\t\t<div class=\"elementor-column elementor-col-100 elementor-top-column elementor-element elementor-element-58a9857\" data-id=\"58a9857\" data-element_type=\"column\">\n\t\t\t<div class=\"elementor-widget-wrap elementor-element-populated\">\n\t\t\t\t\t\t<div class=\"elementor-element elementor-element-b8dc1c7 elementor-widget elementor-widget-text-editor\" data-id=\"b8dc1c7\" data-element_type=\"widget\" data-widget_type=\"text-editor.default\">\n\t\t\t\t<div class=\"elementor-widget-container\">\n\t\t\t\t\t\t\t\t\t<div>&nbsp;<\/div>\n<div><strong>\u00bfQue es?<\/strong><\/div>\n<p><\/p>\n<p>La prueba de competencia linguistica, es un examen oral en el cual dos examinadores te asignaran un nivel de ingles, del 1 al 6, el resultado de la prueba sera avalado por un certificado, que para adjuntar a tu licencia deberas presentar el mismo a la autoridad aeronautica DGAC, nuestro Centro de Evaluacion Linguistica esta reconocido por la OACI y la DGAC.<\/p>\n<p>El examen dura un aproximado de 40 minutos y consiste en cuatro fases, preguntas abiertas, descripcion de imagenes,&nbsp; descripcion de audios y situaciones.<\/p>\n<div>\n<p>El examen&nbsp;<i><b>TOEFA (Test of English for Aviation)<\/b><\/i>&nbsp;fue dise\u00f1ado el a\u00f1o 2004, en base a la experiencia previa de muchos a\u00f1os trabajando en temas de instrucci\u00f3n y evaluaci\u00f3n del ingl\u00e9s para aviaci\u00f3n, tanto en aerol\u00edneas como en proveedores de servicios de navegaci\u00f3n a\u00e9rea.<\/p>\n<p>Fue la primera herramienta de evaluaci\u00f3n presentada oficialmente, a nivel mundial, durante el Primer&nbsp;<i><b>IALS (ICAO Aviation Language Symposium)<\/b><\/i>&nbsp;que se realiz\u00f3 en septiembre de 2004 en la sede central de la OACI, en Montreal, Canad\u00e1.<\/p>\n<p>Alas Orientales es un centro autorizado por TOEFA para el uso de su m\u00e9todo de evaluaci\u00f3n, y por la DGAC para emitir certificados de competencia ling\u00fc\u00edstica<\/p>\n<p><\/p>\n<p><strong>Requisitos<\/strong><\/p>\n<p><em>Foto 3&#215;3 fondo blanco<\/em><\/p>\n<p><em><span style=\"font-weight: inherit;\">Licencia aeron\u00e1utica<\/span><\/em><\/p>\n<p><em>Carnet de identidad<\/em><\/p>\n<p><strong>Para reservas e informaci\u00f3n escr\u00edbenos al +591 67700581<\/strong><\/p>\n<\/div>\t\t\t\t\t\t\t\t<\/div>\n\t\t\t\t<\/div>\n\t\t\t\t\t<\/div>\n\t\t<\/div>\n\t\t\t\t\t<\/div>\n\t\t<\/section>\n\t\t\t\t<section class=\"elementor-section elementor-top-section elementor-element elementor-element-b2401be elementor-section-boxed elementor-section-height-default elementor-section-height-default\" data-id=\"b2401be\" data-element_type=\"section\">\n\t\t\t\t\t\t<div class=\"elementor-container elementor-column-gap-default\">\n\t\t\t\t\t<div class=\"elementor-column elementor-col-100 elementor-top-column elementor-element elementor-element-024c9c4\" data-id=\"024c9c4\" data-element_type=\"column\">\n\t\t\t<div class=\"elementor-widget-wrap elementor-element-populated\">\n\t\t\t\t\t\t<div class=\"elementor-element elementor-element-368d8bc elementor-widget elementor-widget-video\" data-id=\"368d8bc\" data-element_type=\"widget\" data-settings=\"{&quot;youtube_url&quot;:&quot;https:\\\/\\\/www.youtube.com\\\/watch?v=h7syDwdzKf8&quot;,&quot;video_type&quot;:&quot;youtube&quot;,&quot;controls&quot;:&quot;yes&quot;}\" data-widget_type=\"video.default\">\n\t\t\t\t<div class=\"elementor-widget-container\">\n\t\t\t\t\t\t\t<div class=\"elementor-wrapper elementor-open-inline\">\n\t\t\t<div class=\"elementor-video\"><\/div>\t\t<\/div>\n\t\t\t\t\t\t<\/div>\n\t\t\t\t<\/div>\n\t\t\t\t\t<\/div>\n\t\t<\/div>\n\t\t\t\t\t<\/div>\n\t\t<\/section>\n\t\t\t\t<\/div>","protected":false},"excerpt":{"rendered":"<p>Centro de Evaluaci\u00f3n ling\u00fc\u00edstica &nbsp; \u00bfQue es? La prueba de competencia linguistica, es un examen oral en el cual dos examinadores te asignaran un nivel de ingles, del 1 al 6, el resultado de la prueba sera avalado por un certificado, que para adjuntar a tu licencia deberas presentar el mismo a la autoridad aeronautica [&hellip;]<\/p>","protected":false},"author":1,"featured_media":0,"parent":0,"menu_order":0,"comment_status":"closed","ping_status":"closed","template":"","meta":{"_uag_custom_page_level_css":"","site-sidebar-layout":"no-sidebar","site-content-layout":"page-builder","ast-site-content-layout":"","site-content-style":"default","site-sidebar-style":"default","ast-global-header-display":"","ast-banner-title-visibility":"","ast-main-header-display":"","ast-hfb-above-header-display":"","ast-hfb-below-header-display":"","ast-hfb-mobile-header-display":"","site-post-title":"disabled","ast-breadcrumbs-content":"","ast-featured-img":"","footer-sml-layout":"","theme-transparent-header-meta":"enabled","adv-header-id-meta":"","stick-header-meta":"","header-above-stick-meta":"","header-main-stick-meta":"","header-below-stick-meta":"","astra-migrate-meta-layouts":"default","ast-page-background-enabled":"default","ast-page-background-meta":{"desktop":{"background-color":"","background-image":"","background-repeat":"repeat","background-position":"center center","background-size":"auto","background-attachment":"scroll","background-type":"","background-media":"","overlay-type":"","overlay-color":"","overlay-opacity":"","overlay-gradient":""},"tablet":{"background-color":"","background-image":"","background-repeat":"repeat","background-position":"center center","background-size":"auto","background-attachment":"scroll","background-type":"","background-media":"","overlay-type":"","overlay-color":"","overlay-opacity":"","overlay-gradient":""},"mobile":{"background-color":"","background-image":"","background-repeat":"repeat","background-position":"center center","background-size":"auto","background-attachment":"scroll","background-type":"","background-media":"","overlay-type":"","overlay-color":"","overlay-opacity":"","overlay-gradient":""}},"ast-content-background-meta":{"desktop":{"background-color":"var(--ast-global-color-5)","background-image":"","background-repeat":"repeat","background-position":"center center","background-size":"auto","background-attachment":"scroll","background-type":"","background-media":"","overlay-type":"","overlay-color":"","overlay-opacity":"","overlay-gradient":""},"tablet":{"background-color":"var(--ast-global-color-5)","background-image":"","background-repeat":"repeat","background-position":"center center","background-size":"auto","background-attachment":"scroll","background-type":"","background-media":"","overlay-type":"","overlay-color":"","overlay-opacity":"","overlay-gradient":""},"mobile":{"background-color":"var(--ast-global-color-5)","background-image":"","background-repeat":"repeat","background-position":"center center","background-size":"auto","background-attachment":"scroll","background-type":"","background-media":"","overlay-type":"","overlay-color":"","overlay-opacity":"","overlay-gradient":""}},"_joinchat":[],"footnotes":""},"class_list":["post-965","page","type-page","status-publish","hentry"],"uagb_featured_image_src":{"full":false,"thumbnail":false,"medium":false,"medium_large":false,"large":false,"1536x1536":false,"2048x2048":false,"trp-custom-language-flag":false},"uagb_author_info":{"display_name":"userAlas","author_link":"https:\/\/alasorientales.com\/en\/author\/useralas\/"},"uagb_comment_info":0,"uagb_excerpt":"Centro de Evaluaci\u00f3n ling\u00fc\u00edstica &nbsp; \u00bfQue es? La prueba de competencia linguistica, es un examen oral en el cual dos examinadores te asignaran un nivel de ingles, del 1 al 6, el resultado de la prueba sera avalado por un certificado, que para adjuntar a tu licencia deberas presentar el mismo a la autoridad aeronautica&hellip;","_links":{"self":[{"href":"https:\/\/alasorientales.com\/en\/wp-json\/wp\/v2\/pages\/965","targetHints":{"allow":["GET"]}}],"collection":[{"href":"https:\/\/alasorientales.com\/en\/wp-json\/wp\/v2\/pages"}],"about":[{"href":"https:\/\/alasorientales.com\/en\/wp-json\/wp\/v2\/types\/page"}],"author":[{"embeddable":true,"href":"https:\/\/alasorientales.com\/en\/wp-json\/wp\/v2\/users\/1"}],"replies":[{"embeddable":true,"href":"https:\/\/alasorientales.com\/en\/wp-json\/wp\/v2\/comments?post=965"}],"version-history":[{"count":52,"href":"https:\/\/alasorientales.com\/en\/wp-json\/wp\/v2\/pages\/965\/revisions"}],"predecessor-version":[{"id":1283,"href":"https:\/\/alasorientales.com\/en\/wp-json\/wp\/v2\/pages\/965\/revisions\/1283"}],"wp:attachment":[{"href":"https:\/\/alasorientales.com\/en\/wp-json\/wp\/v2\/media?parent=965"}],"curies":[{"name":"wp","href":"https:\/\/api.w.org\/{rel}","templated":true}]}}